{"id":28,"date":"2016-05-20T18:25:21","date_gmt":"2016-05-20T17:25:21","guid":{"rendered":"http:\/\/impressivia.hu\/?page_id=28&#038;lang=en"},"modified":"2016-06-05T08:04:39","modified_gmt":"2016-06-05T08:04:39","slug":"connect","status":"publish","type":"page","link":"https:\/\/impressivia.hu\/en\/connect\/","title":{"rendered":"Connect"},"content":{"rendered":"<ul>\n<li>Impressivia Kereskedelmi \u00e9s Szolg\u00e1ltat\u00f3 Kft.<\/li>\n<li>Sz\u00e9khely \u00e9s bemutat\u00f3terem: 1067 Budapest, Csengery utca 62\/a. 3. em. 16.<\/li>\n<li>Telephely: 5435 Martf\u0171, J\u00f3kai \u00fat 24.<\/li>\n<li>K\u00e9pvisel\u0151: Bozor\u00e1di J\u00e1nos R\u00f3bert \u00fcgyvezet\u0151 igazgat\u00f3<\/li>\n<li>El\u00e9rhet\u0151s\u00e9gek:\n<ul>\n<li>Tel: +36-703664553; +36-703336773<\/li>\n<li>E-mail: <a href=\"mailto:info@impressivia.hu\">info@impressivia.hu<\/a><\/li>\n<\/ul>\n<\/li>\n<\/ul>\n<h2>Send me a message<\/h2>\n<div role=\"form\" class=\"wpcf7\" id=\"wpcf7-f122-o1\" lang=\"hu-HU\" dir=\"ltr\">\n<div class=\"screen-reader-response\"><p role=\"status\" aria-live=\"polite\" aria-atomic=\"true\"><\/p> <ul><\/ul><\/div>\n<form action=\"\/en\/wp-json\/wp\/v2\/pages\/28#wpcf7-f122-o1\" method=\"post\" class=\"wpcf7-form init\" novalidate=\"novalidate\" data-status=\"init\">\n<div style=\"display: none;\">\n<input type=\"hidden\" name=\"_wpcf7\" value=\"122\" \/>\n<input type=\"hidden\" name=\"_wpcf7_version\" value=\"5.4.1\" \/>\n<input type=\"hidden\" name=\"_wpcf7_locale\" value=\"hu_HU\" \/>\n<input type=\"hidden\" name=\"_wpcf7_unit_tag\" value=\"wpcf7-f122-o1\" \/>\n<input type=\"hidden\" name=\"_wpcf7_container_post\" value=\"0\" \/>\n<input type=\"hidden\" name=\"_wpcf7_posted_data_hash\" value=\"\" \/>\n<input type=\"hidden\" name=\"_wpcf7_recaptcha_response\" value=\"\" \/>\n<\/div>\n<p>Your Name (required)<br \/>\n    <span class=\"wpcf7-form-control-wrap your-name\"><input type=\"text\" name=\"your-name\" value=\"\" size=\"40\" class=\"wpcf7-form-control wpcf7-text wpcf7-validates-as-required\" aria-required=\"true\" aria-invalid=\"false\" \/><\/span> <\/p>\n<p>Your Email address (required)<br \/>\n    <span class=\"wpcf7-form-control-wrap your-email\"><input type=\"email\" name=\"your-email\" value=\"\" size=\"40\" class=\"wpcf7-form-control wpcf7-text wpcf7-email wpcf7-validates-as-required wpcf7-validates-as-email\" aria-required=\"true\" aria-invalid=\"false\" \/><\/span> <\/p>\n<p>Subject<br \/>\n    <span class=\"wpcf7-form-control-wrap your-subject\"><input type=\"text\" name=\"your-subject\" value=\"\" size=\"40\" class=\"wpcf7-form-control wpcf7-text\" aria-invalid=\"false\" \/><\/span> <\/p>\n<p>Message<br \/>\n    <span class=\"wpcf7-form-control-wrap your-message\"><textarea name=\"your-message\" cols=\"40\" rows=\"10\" class=\"wpcf7-form-control wpcf7-textarea\" aria-invalid=\"false\"><\/textarea><\/span> <\/p>\n<span class=\"wpcf7-form-control-wrap recaptcha\" data-name=\"recaptcha\"><span data-sitekey=\"6LcCzCETAAAAAGZajmydvSAMQELaV3LbkQ3J7qM_\" class=\"wpcf7-form-control g-recaptcha wpcf7-recaptcha\"><\/span>\r\n<noscript>\r\n\t<div class=\"grecaptcha-noscript\">\r\n\t\t<iframe src=\"https:\/\/www.google.com\/recaptcha\/api\/fallback?k=6LcCzCETAAAAAGZajmydvSAMQELaV3LbkQ3J7qM_\" frameborder=\"0\" scrolling=\"no\" width=\"310\" height=\"430\">\r\n\t\t<\/iframe>\r\n\t\t<textarea name=\"g-recaptcha-response\" rows=\"3\" cols=\"40\" placeholder=\"reCaptcha Response Here\">\r\n\t\t<\/textarea>\r\n\t<\/div>\r\n<\/noscript>\r\n<\/span>\n<p><input type=\"submit\" value=\"Send\" class=\"wpcf7-form-control wpcf7-submit\" \/><\/p>\n<div class=\"wpcf7-response-output\" aria-hidden=\"true\"><\/div><\/form><\/div>\n","protected":false},"excerpt":{"rendered":"<p>Impressivia Kereskedelmi \u00e9s Szolg\u00e1ltat\u00f3 Kft. Sz\u00e9khely \u00e9s bemutat\u00f3terem: 1067 Budapest, Csengery utca 62\/a. 3. em. 16. Telephely: 5435 Martf\u0171, J\u00f3kai \u00fat 24. K\u00e9pvisel\u0151: Bozor\u00e1di J\u00e1nos R\u00f3bert \u00fcgyvezet\u0151 igazgat\u00f3 El\u00e9rhet\u0151s\u00e9gek: Tel: +36-703664553; +36-703336773 E-mail: info@impressivia.hu Send me a message<\/p>\n","protected":false},"author":1,"featured_media":0,"parent":0,"menu_order":0,"comment_status":"closed","ping_status":"closed","template":"","meta":[],"_links":{"self":[{"href":"https:\/\/impressivia.hu\/en\/wp-json\/wp\/v2\/pages\/28"}],"collection":[{"href":"https:\/\/impressivia.hu\/en\/wp-json\/wp\/v2\/pages"}],"about":[{"href":"https:\/\/impressivia.hu\/en\/wp-json\/wp\/v2\/types\/page"}],"author":[{"embeddable":true,"href":"https:\/\/impressivia.hu\/en\/wp-json\/wp\/v2\/users\/1"}],"replies":[{"embeddable":true,"href":"https:\/\/impressivia.hu\/en\/wp-json\/wp\/v2\/comments?post=28"}],"version-history":[{"count":3,"href":"https:\/\/impressivia.hu\/en\/wp-json\/wp\/v2\/pages\/28\/revisions"}],"predecessor-version":[{"id":123,"href":"https:\/\/impressivia.hu\/en\/wp-json\/wp\/v2\/pages\/28\/revisions\/123"}],"wp:attachment":[{"href":"https:\/\/impressivia.hu\/en\/wp-json\/wp\/v2\/media?parent=28"}],"curies":[{"name":"wp","href":"https:\/\/api.w.org\/{rel}","templated":true}]}}